{"id":3,"date":"2023-02-24T11:15:05","date_gmt":"2023-02-24T11:15:05","guid":{"rendered":"http:\/\/wpmaster.extremovirtual.net\/?page_id=3"},"modified":"2024-11-18T09:50:40","modified_gmt":"2024-11-18T08:50:40","slug":"politica-privacidad","status":"publish","type":"page","link":"https:\/\/beautypass.es\/es\/politica-privacidad","title":{"rendered":"Pol\u00edtica de privacidad"},"content":{"rendered":"\t\t<div data-elementor-type=\"wp-page\" data-elementor-id=\"3\" class=\"elementor elementor-3\">\n\t\t\t\t\t\t\t\t\t<section class=\"elementor-section elementor-top-section elementor-element elementor-element-5f615da elementor-section-boxed elementor-section-height-default elementor-section-height-default\" data-id=\"5f615da\" data-element_type=\"section\" data-settings=\"{&quot;background_background&quot;:&quot;classic&quot;}\">\n\t\t\t\t\t\t\t<div class=\"elementor-background-overlay\"><\/div>\n\t\t\t\t\t\t\t<div class=\"elementor-container elementor-column-gap-default\">\n\t\t\t\t\t<div class=\"elementor-column elementor-col-100 elementor-top-column elementor-element elementor-element-a993e31\" data-id=\"a993e31\" data-element_type=\"column\">\n\t\t\t<div class=\"elementor-widget-wrap elementor-element-populated\">\n\t\t\t\t\t\t\t\t\t<\/div>\n\t\t<\/div>\n\t\t\t\t\t\t\t<\/div>\n\t\t<\/section>\n\t\t\t\t<section class=\"elementor-section elementor-top-section elementor-element elementor-element-14f44a27 elementor-section-boxed elementor-section-height-default elementor-section-height-default\" data-id=\"14f44a27\" data-element_type=\"section\">\n\t\t\t\t\t\t<div class=\"elementor-container elementor-column-gap-default\">\n\t\t\t\t\t<div class=\"elementor-column elementor-col-100 elementor-top-column elementor-element elementor-element-31b5c9c7\" data-id=\"31b5c9c7\" data-element_type=\"column\">\n\t\t\t<div class=\"elementor-widget-wrap elementor-element-populated\">\n\t\t\t\t\t\t\t\t<div class=\"elementor-element elementor-element-e4ebab6 elementor-widget elementor-widget-text-editor\" data-id=\"e4ebab6\" data-element_type=\"widget\" data-widget_type=\"text-editor.default\">\n\t\t\t\t<div class=\"elementor-widget-container\">\n\t\t\t<style>\/*! elementor - v3.12.2 - 23-04-2023 *\/\n.elementor-widget-text-editor.elementor-drop-cap-view-stacked .elementor-drop-cap{background-color:#69727d;color:#fff}.elementor-widget-text-editor.elementor-drop-cap-view-framed .elementor-drop-cap{color:#69727d;border:3px solid;background-color:transparent}.elementor-widget-text-editor:not(.elementor-drop-cap-view-default) .elementor-drop-cap{margin-top:8px}.elementor-widget-text-editor:not(.elementor-drop-cap-view-default) .elementor-drop-cap-letter{width:1em;height:1em}.elementor-widget-text-editor .elementor-drop-cap{float:left;text-align:center;line-height:1;font-size:50px}.elementor-widget-text-editor .elementor-drop-cap-letter{display:inline-block}<\/style>\t\t\t\t<p><!-- wp:heading --><\/p>\n<p>En esta p\u00e1gina se encuentra recogida toda la informaci\u00f3n relativa a los t\u00e9rminos y condiciones legales que definen las relaciones entre los usuarios y el responsable del sitio web beautypass.es. Todos los usuarios deben leer el contenido de esta p\u00e1gina y estar de acuerdo con \u00e9l antes de poder continuar navegando por el resto del sitio web.<\/p>\n<h3><b>RESPONSABLE DEL SITIO WEB<\/b><\/h3>\n<p><b>Nombre completo:<\/b> Jos\u00e9 Luis Garc\u00eda Sierra<\/p>\n<p><b>NIF:<\/b> 74843085G<\/p>\n<p><b>Domicilio: <\/b>C\/ Severo Ochoa, 27 Oficina 5, M\u00e1laga Tech Park<\/p>\n<p><b>Email:<\/b> hola@beautypass.es<\/p>\n<p><b>Actividad: <\/b>Dise\u00f1o y Modelado 3D<\/p>\n<p>beautypass.es, como responsable de esta web, asume el compromiso de procesar la informaci\u00f3n de sus usuarios con plenas garant\u00edas y cumplir con los requisitos nacionales y europeos que regulan la recopilaci\u00f3n y uso de los datos personales, cumpliendo as\u00ed con la Ley Org\u00e1nica 15\/1999, de 13 de diciembre, de Protecci\u00f3n de Datos de Car\u00e1cter Personal (LOPD) y con el Real Decreto 1720\/2007, de 21 de diciembre, conocido como el Reglamento de desarrollo de la LOPD.<\/p>\n<p>Cumple tambi\u00e9n con el Reglamento (UE) 2016\/679 del Parlamento Europeo y del Consejo de 27 de abril de 2016 relativo a la protecci\u00f3n de las personas f\u00edsicas (RGPD), as\u00ed como con la Ley 34\/2002, de 11 de julio, de Servicios de la Sociedad de la Informaci\u00f3n y Comercio Electr\u00f3nico (LSSI o LSSICE).<\/p>\n<p><span style=\"color: var( --e-global-color-text ); font-family: var( --e-global-typography-text-font-family ), Sans-serif; font-weight: var( --e-global-typography-text-font-weight );\">beautypass.es,<\/span>\u00a0se reserva el derecho de modificar, en cualquier momento, sin necesidad de previo aviso e informando de los cambios una vez realizados, tanto la presentaci\u00f3n y configuraci\u00f3n del sitio web beautypass.es,\u00a0como la presente informaci\u00f3n legal.<\/p>\n<h3><b>INFORMACI\u00d3N RECABADA DE LOS USUARIOS Y SU FINALIDAD<\/b><\/h3>\n<p><span style=\"color: var( --e-global-color-text ); font-family: var( --e-global-typography-text-font-family ), Sans-serif; font-weight: var( --e-global-typography-text-font-weight );\">beautypass.es\u00a0<\/span>cuenta con un cifrado SSL TLS v.1.2 que permite el env\u00edo seguro de datos personales a trav\u00e9s de formularios de contacto de tipo est\u00e1ndar.<\/p>\n<p>Cuando un usuario se conecta a esta web para enviarle un email al titular, suscribirse a alg\u00fan bolet\u00edn o realizar alguna contrataci\u00f3n, est\u00e1 facilitando una serie de informaci\u00f3n de la que es responsable beautypass.es. Esta informaci\u00f3n puede incluir datos de car\u00e1cter personal, tales como su direcci\u00f3n IP, nombre completo, direcci\u00f3n f\u00edsica, direcci\u00f3n de email, n\u00famero de tel\u00e9fono, localizaci\u00f3n\u2026 y en ning\u00fan caso se trata de datos personales especialmente protegidos. En el momento de facilitar esta informaci\u00f3n, el usuario est\u00e1 dando su consentimiento para que dicha informaci\u00f3n sea recopilada, utilizada, gestionada y almacenada por beautypass.es\u00a0en las formas en las que se describe a lo largo de esta p\u00e1gina.<\/p>\n<p>Formularios de contacto: se almacenan los siguientes datos personales: Nombre, Email, Tel\u00e9fono y Direcci\u00f3n IP; dichos datos se utilizar\u00e1n para resolver dudas, consultas y responder cualquier tipo de mensaje enviado a trav\u00e9s del formulario, as\u00ed como para enviar promociones y ofertas especiales.<\/p>\n<p>Formularios de suscripci\u00f3n a contenidos: se almacenan los siguientes datos personales: Nombre, Email, Tel\u00e9fono y Direcci\u00f3n IP; dichos datos se utilizar\u00e1n para gestionar la lista de suscripciones, enviar boletines, promociones y ofertas especiales.<br \/>Contenido incrustado desde otras webs: las p\u00e1ginas de beautypass.es\u00a0pueden incluir contenido incrustado (p.ej. v\u00eddeos, im\u00e1genes, art\u00edculos, etc.). El contenido incrustado desde otras webs se comporta igual que si el usuario las hubiera visitado de forma directa. Dichas webs pueden recopilar datos sobre el usuario, usar cookies, incrustar seguimiento de terceros y vigilar su interacci\u00f3n con el contenido incrustado, incluyendo el seguimiento de su interacci\u00f3n con el contenido incrustado si tiene una cuenta o est\u00e1 conectado a esa web.<\/p>\n<p>Redes sociales: beautypass.es\u00a0cuenta con perfiles en algunas de las principales redes sociales de Internet. El tratamiento que beautypass.es\u00a0llevar\u00e1 a cabo con los datos personales dentro de cada una de las referidas redes sociales ser\u00e1, como m\u00e1ximo, el que la red social permita a los perfiles corporativos. As\u00ed pues, beautypass.es\u00a0podr\u00e1 informar, cuando la ley no lo proh\u00edba, a sus seguidores por cualquier v\u00eda que la red social permita sobre sus actividades, ponencias, ofertas, as\u00ed como prestar servicio personalizado de atenci\u00f3n al cliente. beautypass.es\u00a0no extraer\u00e1 datos de las redes sociales en ning\u00fan caso, salvo que se obtuviera consentimiento expreso del usuario para hacerlo.<\/p>\n<p>En conclusi\u00f3n, la finalidad del tratamiento de los datos ser\u00e1 \u00fanicamente la de prestar a los usuarios la informaci\u00f3n o servicios que soliciten, as\u00ed como la de informar en de novedades que puedan ser de su inter\u00e9s.<\/p>\n<h3><b>DERECHOS DE LOS USUARIOS<\/b><\/h3>\n<p>A continuaci\u00f3n se enumeran los derechos de los usuarios de la web, que podr\u00e1n ejercitar dirigiendo una comunicaci\u00f3n por escrito a C\/ Severo Ochoa, 27 Oficina 5, M\u00e1laga Tech Park\u00a0o a hola@beautypass.es, incluyendo en ambos casos fotocopia del DNI (o documento identificativo similar) del usuario o bien de la persona autorizada como representante legal del usuario.<\/p>\n<p>Derecho a solicitar el acceso a los datos personales.<br \/>Derecho a solicitar la rectificaci\u00f3n de los datos personales en caso de que sean incorrectos.<br \/>Derecho a solicitar la limitaci\u00f3n del tratamiento de los datos personales, en cuyo caso \u00fanicamente ser\u00e1n conservados por beautypass.es\u00a0para el ejercicio o la defensa de reclamaciones.<br \/>Derecho a oponerse al tratamiento de los datos personales, salvo que por motivos leg\u00edtimos imperiosos o el ejercicio o la defensa de posibles reclamaciones se tengan que seguir tratando.<br \/>Derecho a la portabilidad de los datos personales.<\/p>\n<p>Derecho al borrado de los datos personales, que salvo imperativo legal se borrar\u00e1n tras la confirmaci\u00f3n por parte del solicitante.<\/p>\n<p>Derecho a retirar el consentimiento en cualquier momento sobre alguna finalidad espec\u00edfica, sin que ello afecte a la licitud del tratamiento basado en el consentimiento previo a su retirada.<\/p>\n<h3><b>PROCEDIMIENTO DE RECLAMACI\u00d3N<\/b><\/h3>\n<p>Cuando un usuario considere que hay un problema con la forma en la que se est\u00e1n manejando sus datos, puede dirigir sus reclamaciones a hola@beautypass.es\u00a0para subsanar la situaci\u00f3n lo antes posible o bien a la autoridad de protecci\u00f3n de datos que corresponda, siendo la Agencia Espa\u00f1ola de Protecci\u00f3n de Datos la indicada en el caso de Espa\u00f1a.<\/p>\n<p>Adem\u00e1s, como prueba de buena fe, se pone a disposici\u00f3n de todos los usuarios de la web la Plataforma de Resoluci\u00f3n de Litigios que facilita la Comisi\u00f3n Europea.<\/p>\n<h3><b>OBLIGACIONES DE LOS USUARIOS<\/b><\/h3>\n<p>El acceso y\/o uso de beautypass.es\u00a0atribuye a quien lo realiza la condici\u00f3n de usuario, aceptando, desde ese mismo momento, plenamente y sin reserva alguna, el presente aviso legal en relaci\u00f3n con determinados servicios y contenidos de la web.<\/p>\n<p>El usuario se compromete a utilizar el sitio web, sus servicios y contenidos sin contravenir la legislaci\u00f3n vigente, la buena fe y el orden p\u00fablico. Queda prohibido el uso de la web, con fines il\u00edcitos o lesivos, o que, de cualquier forma, puedan causar perjuicio o impedir el normal funcionamiento del sitio web.<\/p>\n<p>Adem\u00e1s, el usuario garantiza que los datos personales facilitados a trav\u00e9s de los formularios son veraces y se corresponden con su situaci\u00f3n real, teniendo el deber de mantener sus datos actualizados en todo momento, siendo el \u00fanico responsable de la inexactitud de los datos facilitados y de los perjuicios que pueda causar por ello a\u00a0<span style=\"color: var( --e-global-color-text ); font-family: var( --e-global-typography-text-font-family ), Sans-serif; font-weight: var( --e-global-typography-text-font-weight );\">beautypass.es<\/span><\/p>\n<p>Respecto de los contenidos de esta web, se proh\u00edbe:<\/p>\n<p>Su reproducci\u00f3n, distribuci\u00f3n o modificaci\u00f3n, total o parcial, a menos que se cuente con la autorizaci\u00f3n escrita de su leg\u00edtimo titular.<br \/>Cualquier vulneraci\u00f3n de los derechos del prestador o de su leg\u00edtimo titular.<br \/>Su utilizaci\u00f3n para fines comerciales o publicitarios.<br \/>En la utilizaci\u00f3n de beautypass.es, el usuario se compromete a no llevar a cabo ninguna conducta que pudiera da\u00f1ar la imagen, los intereses y\/o los derechos de beautypass.es\u00a0o de terceros, as\u00ed como a no da\u00f1ar, inutilizar o sobrecargar el sitio web para impedir su normal utilizaci\u00f3n.<\/p>\n<h3><b>CONSERVACI\u00d3N DE LOS DATOS<\/b><\/h3>\n<p>Datos desagregados: los datos desagregados ser\u00e1n conservados sin plazo de supresi\u00f3n.<\/p>\n<p>Datos de los suscriptores al feed por e-mail: desde que el usuario se suscribe hasta que se da de baja.<\/p>\n<p>Datos de los suscriptores a la newsletter: desde que el usuario se suscribe hasta que se da de baja.<\/p>\n<p>Datos de usuarios subidos por beautypass.es\u00a0a p\u00e1ginas y perfiles en redes sociales: desde que el usuario ofrece su consentimiento hasta que lo retira.<\/p>\n<h3><b>SEGURIDAD DE LOS DATOS<\/b><\/h3>\n<p><span style=\"color: var( --e-global-color-text ); font-family: var( --e-global-typography-text-font-family ), Sans-serif; font-weight: var( --e-global-typography-text-font-weight );\">beautypass.es<\/span>\u00a0adopta medidas de seguridad razonablemente adecuadas para detectar la existencia de virus, ataques de fuerza bruta e inyecciones de c\u00f3digo.<\/p>\n<p>No obstante, el usuario debe ser consciente de que las medidas de seguridad de los sistemas inform\u00e1ticos en Internet nunca son 100% fiables y que, por tanto, beautypass.es\u00a0no puede garantizar la inexistencia de virus u otros elementos que puedan producir alteraciones en los sistemas inform\u00e1ticos (software y hardware) del usuario o en los documentos electr\u00f3nicos y ficheros contenidos en los mismos.<\/p>\n<p>A pesar de ello, con el objetivo de garantizar la seguridad y privacidad de los datos personales de sus usuarios, beautypass.es\u00a0dispone de un sistema de seguridad activa que informa de la actividad de los usuarios y las posibles brechas en la seguridad del sistema.<\/p>\n<p>En caso de detectarse alguna brecha de seguridad, beautypass.es\u00a0se compromete a informar a los usuarios en el plazo m\u00e1ximo de 72 horas.<\/p>\n<p><!-- \/wp:paragraph --><\/p>\t\t\t\t\t\t<\/div>\n\t\t\t\t<\/div>\n\t\t\t\t\t<\/div>\n\t\t<\/div>\n\t\t\t\t\t\t\t<\/div>\n\t\t<\/section>\n\t\t\t\t\t\t\t<\/div>\n\t\t","protected":false},"excerpt":{"rendered":"<p>En esta p\u00e1gina se encuentra recogida toda la informaci\u00f3n relativa a los t\u00e9rminos y condiciones legales que definen las relaciones entre los usuarios y el responsable del sitio web beautypass.es. Todos los usuarios deben leer el contenido de esta p\u00e1gina y estar de acuerdo con \u00e9l antes de poder continuar navegando por el resto del [&hellip;]<\/p>\n","protected":false},"author":1,"featured_media":0,"parent":0,"menu_order":0,"comment_status":"closed","ping_status":"closed","template":"elementor_header_footer","meta":{"_joinchat":[]},"yoast_head":"<!-- This site is optimized with the Yoast SEO plugin v20.6 - https:\/\/yoast.com\/wordpress\/plugins\/seo\/ -->\n<title>Pol\u00edtica de privacidad | Arquitectural Visualization | Beautypass<\/title>\n<meta name=\"robots\" content=\"noindex, nofollow\" \/>\n<meta property=\"og:locale\" content=\"es_ES\" \/>\n<meta property=\"og:type\" content=\"article\" \/>\n<meta property=\"og:title\" content=\"Pol\u00edtica de privacidad | Arquitectural Visualization | Beautypass\" \/>\n<meta property=\"og:description\" content=\"En esta p\u00e1gina se encuentra recogida toda la informaci\u00f3n relativa a los t\u00e9rminos y condiciones legales que definen las relaciones entre los usuarios y el responsable del sitio web beautypass.es. Todos los usuarios deben leer el contenido de esta p\u00e1gina y estar de acuerdo con \u00e9l antes de poder continuar navegando por el resto del [&hellip;]\" \/>\n<meta property=\"og:url\" content=\"https:\/\/beautypass.es\/es\/politica-privacidad\/\" \/>\n<meta property=\"og:site_name\" content=\"Arquitectural Visualization | Beautypass\" \/>\n<meta property=\"article:modified_time\" content=\"2024-11-18T08:50:40+00:00\" \/>\n<meta name=\"twitter:card\" content=\"summary_large_image\" \/>\n<script type=\"application\/ld+json\" class=\"yoast-schema-graph\">{\"@context\":\"https:\/\/schema.org\",\"@graph\":[{\"@type\":\"WebPage\",\"@id\":\"https:\/\/beautypass.es\/politica-privacidad\",\"url\":\"https:\/\/beautypass.es\/politica-privacidad\",\"name\":\"Pol\u00edtica de privacidad | Arquitectural Visualization | Beautypass\",\"isPartOf\":{\"@id\":\"https:\/\/beautypass.es\/#website\"},\"datePublished\":\"2023-02-24T11:15:05+00:00\",\"dateModified\":\"2024-11-18T08:50:40+00:00\",\"breadcrumb\":{\"@id\":\"https:\/\/beautypass.es\/politica-privacidad#breadcrumb\"},\"inLanguage\":\"es\",\"potentialAction\":[{\"@type\":\"ReadAction\",\"target\":[\"https:\/\/beautypass.es\/politica-privacidad\"]}]},{\"@type\":\"BreadcrumbList\",\"@id\":\"https:\/\/beautypass.es\/politica-privacidad#breadcrumb\",\"itemListElement\":[{\"@type\":\"ListItem\",\"position\":1,\"name\":\"Inicio\",\"item\":\"https:\/\/beautypass.es\/\"},{\"@type\":\"ListItem\",\"position\":2,\"name\":\"Pol\u00edtica de privacidad\"}]},{\"@type\":\"WebSite\",\"@id\":\"https:\/\/beautypass.es\/#website\",\"url\":\"https:\/\/beautypass.es\/\",\"name\":\"soporte\",\"description\":\"Especialistas en dise\u00f1o 3D para visualizaci\u00f3n arquitect\u00f3nica.\",\"publisher\":{\"@id\":\"https:\/\/beautypass.es\/#organization\"},\"potentialAction\":[{\"@type\":\"SearchAction\",\"target\":{\"@type\":\"EntryPoint\",\"urlTemplate\":\"https:\/\/beautypass.es\/?s={search_term_string}\"},\"query-input\":\"required name=search_term_string\"}],\"inLanguage\":\"es\"},{\"@type\":\"Organization\",\"@id\":\"https:\/\/beautypass.es\/#organization\",\"name\":\"Beautypass\",\"url\":\"https:\/\/beautypass.es\/\",\"logo\":{\"@type\":\"ImageObject\",\"inLanguage\":\"es\",\"@id\":\"https:\/\/beautypass.es\/#\/schema\/logo\/image\/\",\"url\":\"https:\/\/beautypass.es\/wp-content\/uploads\/beautypass-centrado.png\",\"contentUrl\":\"https:\/\/beautypass.es\/wp-content\/uploads\/beautypass-centrado.png\",\"width\":777,\"height\":229,\"caption\":\"Beautypass\"},\"image\":{\"@id\":\"https:\/\/beautypass.es\/#\/schema\/logo\/image\/\"}}]}<\/script>\n<!-- \/ Yoast SEO plugin. -->","yoast_head_json":{"title":"Pol\u00edtica de privacidad | Arquitectural Visualization | Beautypass","robots":{"index":"noindex","follow":"nofollow"},"og_locale":"es_ES","og_type":"article","og_title":"Pol\u00edtica de privacidad | Arquitectural Visualization | Beautypass","og_description":"En esta p\u00e1gina se encuentra recogida toda la informaci\u00f3n relativa a los t\u00e9rminos y condiciones legales que definen las relaciones entre los usuarios y el responsable del sitio web beautypass.es. Todos los usuarios deben leer el contenido de esta p\u00e1gina y estar de acuerdo con \u00e9l antes de poder continuar navegando por el resto del [&hellip;]","og_url":"https:\/\/beautypass.es\/es\/politica-privacidad\/","og_site_name":"Arquitectural Visualization | Beautypass","article_modified_time":"2024-11-18T08:50:40+00:00","twitter_card":"summary_large_image","schema":{"@context":"https:\/\/schema.org","@graph":[{"@type":"WebPage","@id":"https:\/\/beautypass.es\/politica-privacidad","url":"https:\/\/beautypass.es\/politica-privacidad","name":"Pol\u00edtica de privacidad | Arquitectural Visualization | Beautypass","isPartOf":{"@id":"https:\/\/beautypass.es\/#website"},"datePublished":"2023-02-24T11:15:05+00:00","dateModified":"2024-11-18T08:50:40+00:00","breadcrumb":{"@id":"https:\/\/beautypass.es\/politica-privacidad#breadcrumb"},"inLanguage":"es","potentialAction":[{"@type":"ReadAction","target":["https:\/\/beautypass.es\/politica-privacidad"]}]},{"@type":"BreadcrumbList","@id":"https:\/\/beautypass.es\/politica-privacidad#breadcrumb","itemListElement":[{"@type":"ListItem","position":1,"name":"Inicio","item":"https:\/\/beautypass.es\/"},{"@type":"ListItem","position":2,"name":"Pol\u00edtica de privacidad"}]},{"@type":"WebSite","@id":"https:\/\/beautypass.es\/#website","url":"https:\/\/beautypass.es\/","name":"soporte","description":"Especialistas en dise\u00f1o 3D para visualizaci\u00f3n arquitect\u00f3nica.","publisher":{"@id":"https:\/\/beautypass.es\/#organization"},"potentialAction":[{"@type":"SearchAction","target":{"@type":"EntryPoint","urlTemplate":"https:\/\/beautypass.es\/?s={search_term_string}"},"query-input":"required name=search_term_string"}],"inLanguage":"es"},{"@type":"Organization","@id":"https:\/\/beautypass.es\/#organization","name":"Beautypass","url":"https:\/\/beautypass.es\/","logo":{"@type":"ImageObject","inLanguage":"es","@id":"https:\/\/beautypass.es\/#\/schema\/logo\/image\/","url":"https:\/\/beautypass.es\/wp-content\/uploads\/beautypass-centrado.png","contentUrl":"https:\/\/beautypass.es\/wp-content\/uploads\/beautypass-centrado.png","width":777,"height":229,"caption":"Beautypass"},"image":{"@id":"https:\/\/beautypass.es\/#\/schema\/logo\/image\/"}}]}},"_links":{"self":[{"href":"https:\/\/beautypass.es\/es\/wp-json\/wp\/v2\/pages\/3"}],"collection":[{"href":"https:\/\/beautypass.es\/es\/wp-json\/wp\/v2\/pages"}],"about":[{"href":"https:\/\/beautypass.es\/es\/wp-json\/wp\/v2\/types\/page"}],"author":[{"embeddable":true,"href":"https:\/\/beautypass.es\/es\/wp-json\/wp\/v2\/users\/1"}],"replies":[{"embeddable":true,"href":"https:\/\/beautypass.es\/es\/wp-json\/wp\/v2\/comments?post=3"}],"version-history":[{"count":5,"href":"https:\/\/beautypass.es\/es\/wp-json\/wp\/v2\/pages\/3\/revisions"}],"predecessor-version":[{"id":744,"href":"https:\/\/beautypass.es\/es\/wp-json\/wp\/v2\/pages\/3\/revisions\/744"}],"wp:attachment":[{"href":"https:\/\/beautypass.es\/es\/wp-json\/wp\/v2\/media?parent=3"}],"curies":[{"name":"wp","href":"https:\/\/api.w.org\/{rel}","templated":true}]}}